{"id":1551,"date":"2025-07-21T12:06:45","date_gmt":"2025-07-21T12:06:45","guid":{"rendered":"https:\/\/storyframes.eu\/?post_type=product&#038;p=1551"},"modified":"2026-02-23T13:20:38","modified_gmt":"2026-02-23T13:20:38","slug":"amarae-4","status":"publish","type":"product","link":"https:\/\/storyframes.eu\/lt\/produktas\/amarae-4\/","title":{"rendered":"4 StoryFrames\u00a020\u00d720cm"},"content":{"rendered":"<p><strong>Keturi 20\u00d720 cm r\u0117meliai nam\u0173 dekorui ir stilingoms dovanoms<\/strong><\/p>\n<p>Pagaminti i\u0161 nat\u016bralaus med\u017eio, m\u016bs\u0173 r\u0117meliai pasi\u017eymi eleganti\u0161ka matine juoda arba skais\u010diai balta apdaila. Blizgus organinis stiklas ir nemokamas baltas pasportas suteikia j\u016bs\u0173 nuotraukoms tikros meno galerijos \u012fsp\u016bd\u012f. Be to, vis\u0105 rinkin\u012f galite sumontuoti be joki\u0173 \u012franki\u0173 per kelias minutes! Tai papras\u010diausias b\u016bdas atnaujinti namus prasmingais prisiminimais arba paruo\u0161ti stiling\u0105 dovan\u0105. Lengvai ir be r\u016bpes\u010di\u0173.<\/p>\n<p><strong>Kas \u012feina \u012f rinkin\u012f:<\/strong><\/p>\n<ul>\n<li>Auk\u0161tos kokyb\u0117s spauda, pritaikyta pagal j\u016bs\u0173 norus (mastelis, apkarpymas)<\/li>\n<li>Nat\u016bralaus med\u017eio r\u0117meliai (balti arba juodi)<\/li>\n<li>Pasportai<\/li>\n<li>Blizgus organinis stiklas<\/li>\n<li>Magnetiniai laikikliai saugiam montavimui be \u012franki\u0173<\/li>\n<li>\u012er\u0117minimo paslauga<\/li>\n<li>PVM \u012fskai\u010diuotas<\/li>\n<\/ul>\n<p>Jums tereikia i\u0161sirinkti nuotraukas, spalvas bei pasporto variant\u0105 ir pateikti u\u017esakym\u0105 \u2013 visu kitu pasir\u016bpinsime mes!<\/p>","protected":false},"excerpt":{"rendered":"<p>4 frames\u00a020\u00d720cm<\/p>","protected":false},"featured_media":4232,"template":"","meta":{"_monsterinsights_skip_tracking":false,"_monsterinsights_sitenote_active":false,"_monsterinsights_sitenote_note":"","_monsterinsights_sitenote_category":0,"site-sidebar-layout":"default","site-content-layout":"","ast-site-content-layout":"default","site-content-style":"default","site-sidebar-style":"default","ast-global-header-display":"","ast-banner-title-visibility":"","ast-main-header-display":"","ast-hfb-above-header-display":"","ast-hfb-below-header-display":"","ast-hfb-mobile-header-display":"","site-post-title":"","ast-breadcrumbs-content":"","ast-featured-img":"","footer-sml-layout":"","ast-disable-related-posts":"","theme-transparent-header-meta":"default","adv-header-id-meta":"","stick-header-meta":"","header-above-stick-meta":"","header-main-stick-meta":"","header-below-stick-meta":"","astra-migrate-meta-layouts":"set","ast-page-background-enabled":"default","ast-page-background-meta":{"desktop":{"background-color":"var(--ast-global-color-5)","background-image":"","background-repeat":"repeat","background-position":"center center","background-size":"auto","background-attachment":"scroll","background-type":"","background-media":"","overlay-type":"","overlay-color":"","overlay-opacity":"","overlay-gradient":""},"tablet":{"background-color":"","background-image":"","background-repeat":"repeat","background-position":"center center","background-size":"auto","background-attachment":"scroll","background-type":"","background-media":"","overlay-type":"","overlay-color":"","overlay-opacity":"","overlay-gradient":""},"mobile":{"background-color":"","background-image":"","background-repeat":"repeat","background-position":"center center","background-size":"auto","background-attachment":"scroll","background-type":"","background-media":"","overlay-type":"","overlay-color":"","overlay-opacity":"","overlay-gradient":""}},"ast-content-background-meta":{"desktop":{"background-color":"var(--ast-global-color-4)","background-image":"","background-repeat":"repeat","background-position":"center center","background-size":"auto","background-attachment":"scroll","background-type":"","background-media":"","overlay-type":"","overlay-color":"","overlay-opacity":"","overlay-gradient":""},"tablet":{"background-color":"var(--ast-global-color-4)","background-image":"","background-repeat":"repeat","background-position":"center center","background-size":"auto","background-attachment":"scroll","background-type":"","background-media":"","overlay-type":"","overlay-color":"","overlay-opacity":"","overlay-gradient":""},"mobile":{"background-color":"var(--ast-global-color-4)","background-image":"","background-repeat":"repeat","background-position":"center center","background-size":"auto","background-attachment":"scroll","background-type":"","background-media":"","overlay-type":"","overlay-color":"","overlay-opacity":"","overlay-gradient":""}}},"product_brand":[],"product_cat":[19],"product_tag":[142],"class_list":{"0":"post-1551","1":"product","2":"type-product","3":"status-publish","4":"has-post-thumbnail","6":"product_cat-classic-series","7":"product_tag-black-white","8":"desktop-align-left","9":"tablet-align-left","10":"mobile-align-left","12":"first","13":"instock","14":"shipping-taxable","15":"purchasable","16":"product-type-variable","17":"has-default-attributes"},"aioseo_notices":[],"_links":{"self":[{"href":"https:\/\/storyframes.eu\/lt\/wp-json\/wp\/v2\/product\/1551","targetHints":{"allow":["GET"]}}],"collection":[{"href":"https:\/\/storyframes.eu\/lt\/wp-json\/wp\/v2\/product"}],"about":[{"href":"https:\/\/storyframes.eu\/lt\/wp-json\/wp\/v2\/types\/product"}],"version-history":[{"count":12,"href":"https:\/\/storyframes.eu\/lt\/wp-json\/wp\/v2\/product\/1551\/revisions"}],"predecessor-version":[{"id":5735,"href":"https:\/\/storyframes.eu\/lt\/wp-json\/wp\/v2\/product\/1551\/revisions\/5735"}],"wp:featuredmedia":[{"embeddable":true,"href":"https:\/\/storyframes.eu\/lt\/wp-json\/wp\/v2\/media\/4232"}],"wp:attachment":[{"href":"https:\/\/storyframes.eu\/lt\/wp-json\/wp\/v2\/media?parent=1551"}],"wp:term":[{"taxonomy":"product_brand","embeddable":true,"href":"https:\/\/storyframes.eu\/lt\/wp-json\/wp\/v2\/product_brand?post=1551"},{"taxonomy":"product_cat","embeddable":true,"href":"https:\/\/storyframes.eu\/lt\/wp-json\/wp\/v2\/product_cat?post=1551"},{"taxonomy":"product_tag","embeddable":true,"href":"https:\/\/storyframes.eu\/lt\/wp-json\/wp\/v2\/product_tag?post=1551"}],"curies":[{"name":"wp","href":"https:\/\/api.w.org\/{rel}","templated":true}]}}