{"id":1745,"date":"2025-07-22T07:44:08","date_gmt":"2025-07-22T07:44:08","guid":{"rendered":"https:\/\/storyframes.eu\/?post_type=product&#038;p=1745"},"modified":"2026-02-23T13:20:43","modified_gmt":"2026-02-23T13:20:43","slug":"elaris-4","status":"publish","type":"product","link":"https:\/\/storyframes.eu\/lt\/produktas\/elaris-4\/","title":{"rendered":"4 StoryFrames30\u00d730cm"},"content":{"rendered":"<p><strong>Stilingas akcentas: keturi\u0173 30\u00d730 cm r\u0117meli\u0173 derinys<\/strong><\/p>\n<p>Pana\u0161\u016bs \u012f m\u016bs\u0173 20\u00d720cm klasikinius rinkinius, tik didesni! R\u0117meliai pagaminti i\u0161 nat\u016bralaus med\u017eio, galite rinktis matin\u0119 juod\u0105 arba \u0161vari\u0105 balt\u0105 spalv\u0105. Prid\u0117jome blizg\u0173 organin\u012f stikl\u0105 ir balt\u0105 pasport\u0105, tad j\u016bs\u0173 nuotraukos ant sienos atrodys kaip i\u0161 profesionalios galerijos. Kaip ir visus m\u016bs\u0173 gaminius \u2013 \u0161\u012f rinkin\u012f sukabinsite be joki\u0173 \u012franki\u0173 vos per kelias minutes. Lengvas b\u016bdas u\u017epildyti namus prisiminimais arba paruo\u0161ti stiling\u0105 dovan\u0105.<\/p>\n<p><strong>Kas \u012feina \u012f rinkin\u012f:<\/strong><\/p>\n<ul>\n<li>Auk\u0161tos kokyb\u0117s spauda, pritaikyta pagal j\u016bs\u0173 norus (mastelis, apkarpymas)<\/li>\n<li>Nat\u016bralaus med\u017eio r\u0117meliai (balti arba juodi)<\/li>\n<li>Pasportai<\/li>\n<li>Blizgus organinis stiklas<\/li>\n<li>Magnetiniai laikikliai saugiam montavimui be \u012franki\u0173<\/li>\n<li>\u012er\u0117minimo paslauga<\/li>\n<li>PVM \u012fskai\u010diuotas<\/li>\n<\/ul>\n<p>All you need to do is to choose the photos, colors, a mat option and place the order &#8211; we&#8217;ll do the rest!<\/p>","protected":false},"excerpt":{"rendered":"<p>4 Frames 30x30cm<\/p>","protected":false},"featured_media":5463,"template":"","meta":{"_monsterinsights_skip_tracking":false,"_monsterinsights_sitenote_active":false,"_monsterinsights_sitenote_note":"","_monsterinsights_sitenote_category":0,"site-sidebar-layout":"default","site-content-layout":"","ast-site-content-layout":"default","site-content-style":"default","site-sidebar-style":"default","ast-global-header-display":"","ast-banner-title-visibility":"","ast-main-header-display":"","ast-hfb-above-header-display":"","ast-hfb-below-header-display":"","ast-hfb-mobile-header-display":"","site-post-title":"","ast-breadcrumbs-content":"","ast-featured-img":"","footer-sml-layout":"","ast-disable-related-posts":"","theme-transparent-header-meta":"default","adv-header-id-meta":"","stick-header-meta":"","header-above-stick-meta":"","header-main-stick-meta":"","header-below-stick-meta":"","astra-migrate-meta-layouts":"set","ast-page-background-enabled":"default","ast-page-background-meta":{"desktop":{"background-color":"var(--ast-global-color-5)","background-image":"","background-repeat":"repeat","background-position":"center center","background-size":"auto","background-attachment":"scroll","background-type":"","background-media":"","overlay-type":"","overlay-color":"","overlay-opacity":"","overlay-gradient":""},"tablet":{"background-color":"","background-image":"","background-repeat":"repeat","background-position":"center center","background-size":"auto","background-attachment":"scroll","background-type":"","background-media":"","overlay-type":"","overlay-color":"","overlay-opacity":"","overlay-gradient":""},"mobile":{"background-color":"","background-image":"","background-repeat":"repeat","background-position":"center center","background-size":"auto","background-attachment":"scroll","background-type":"","background-media":"","overlay-type":"","overlay-color":"","overlay-opacity":"","overlay-gradient":""}},"ast-content-background-meta":{"desktop":{"background-color":"var(--ast-global-color-4)","background-image":"","background-repeat":"repeat","background-position":"center center","background-size":"auto","background-attachment":"scroll","background-type":"","background-media":"","overlay-type":"","overlay-color":"","overlay-opacity":"","overlay-gradient":""},"tablet":{"background-color":"var(--ast-global-color-4)","background-image":"","background-repeat":"repeat","background-position":"center center","background-size":"auto","background-attachment":"scroll","background-type":"","background-media":"","overlay-type":"","overlay-color":"","overlay-opacity":"","overlay-gradient":""},"mobile":{"background-color":"var(--ast-global-color-4)","background-image":"","background-repeat":"repeat","background-position":"center center","background-size":"auto","background-attachment":"scroll","background-type":"","background-media":"","overlay-type":"","overlay-color":"","overlay-opacity":"","overlay-gradient":""}}},"product_brand":[],"product_cat":[19],"product_tag":[142],"class_list":{"0":"post-1745","1":"product","2":"type-product","3":"status-publish","4":"has-post-thumbnail","6":"product_cat-classic-series","7":"product_tag-black-white","8":"desktop-align-left","9":"tablet-align-left","10":"mobile-align-left","12":"first","13":"instock","14":"shipping-taxable","15":"purchasable","16":"product-type-variable","17":"has-default-attributes"},"aioseo_notices":[],"_links":{"self":[{"href":"https:\/\/storyframes.eu\/lt\/wp-json\/wp\/v2\/product\/1745","targetHints":{"allow":["GET"]}}],"collection":[{"href":"https:\/\/storyframes.eu\/lt\/wp-json\/wp\/v2\/product"}],"about":[{"href":"https:\/\/storyframes.eu\/lt\/wp-json\/wp\/v2\/types\/product"}],"version-history":[{"count":9,"href":"https:\/\/storyframes.eu\/lt\/wp-json\/wp\/v2\/product\/1745\/revisions"}],"predecessor-version":[{"id":5736,"href":"https:\/\/storyframes.eu\/lt\/wp-json\/wp\/v2\/product\/1745\/revisions\/5736"}],"wp:featuredmedia":[{"embeddable":true,"href":"https:\/\/storyframes.eu\/lt\/wp-json\/wp\/v2\/media\/5463"}],"wp:attachment":[{"href":"https:\/\/storyframes.eu\/lt\/wp-json\/wp\/v2\/media?parent=1745"}],"wp:term":[{"taxonomy":"product_brand","embeddable":true,"href":"https:\/\/storyframes.eu\/lt\/wp-json\/wp\/v2\/product_brand?post=1745"},{"taxonomy":"product_cat","embeddable":true,"href":"https:\/\/storyframes.eu\/lt\/wp-json\/wp\/v2\/product_cat?post=1745"},{"taxonomy":"product_tag","embeddable":true,"href":"https:\/\/storyframes.eu\/lt\/wp-json\/wp\/v2\/product_tag?post=1745"}],"curies":[{"name":"wp","href":"https:\/\/api.w.org\/{rel}","templated":true}]}}