{"id":4541,"date":"2025-11-27T21:34:39","date_gmt":"2025-11-27T21:34:39","guid":{"rendered":"https:\/\/storyframes.eu\/?post_type=product&#038;p=4541"},"modified":"2026-02-23T13:24:27","modified_gmt":"2026-02-23T13:24:27","slug":"amelia-4","status":"publish","type":"product","link":"https:\/\/storyframes.eu\/lt\/produktas\/amelia-4\/","title":{"rendered":"4 StoryFrames 30x40cm"},"content":{"rendered":"<p><strong>Keturi 30\u00d740 cm r\u0117meliai vaik\u0173 erdvei<\/strong><\/p>\n<p>Pagaminti i\u0161 nat\u016bralaus med\u017eio, r\u0117meliai yra \u0161velnios pastelin\u0117s rausvos arba raminan\u010dios \u017eydros spalvos. Blizgus organinis stiklas ir pridedamas baltas pasportas suteiks nuotraukoms tikros galerijos vaizd\u0105. Svarbiausia \u2013 vis\u0105 rinkin\u012f ant sienos sukabinsite be joki\u0173 \u012franki\u0173 vos per kelias minutes. Tai idealus sprendimas skubantiems t\u0117vams! Taip lengvai atnaujinsite vaiko kambar\u012f brangiais prisiminimais, \u017eaismingais pie\u0161iniais arba paruo\u0161ite prasming\u0105 dovan\u0105, kuri augs kartu su ma\u017eyliu.<\/p>\n<p><strong>Kas \u012feina \u012f rinkin\u012f:<\/strong><\/p>\n<ul>\n<li>High\u2011quality prints customized by you<\/li>\n<li>Natural wood frames (pastel pink or blue)<\/li>\n<li>Pasportai<\/li>\n<li>\u012er\u0117minimo paslauga<\/li>\n<li>Magnetiniai laikikliai saugiam montavimui be \u012franki\u0173<\/li>\n<li>PVM \u012fskai\u010diuotas<\/li>\n<\/ul>\n<p>Jums tereikia i\u0161sirinkti nuotraukas, spalvas bei pasporto variant\u0105 ir pateikti u\u017esakym\u0105 \u2013 visu kitu pasir\u016bpinsime mes!<\/p>","protected":false},"excerpt":{"rendered":"<p>4 framex 30x40cm<\/p>","protected":false},"featured_media":4547,"template":"","meta":{"_monsterinsights_skip_tracking":false,"_monsterinsights_sitenote_active":false,"_monsterinsights_sitenote_note":"","_monsterinsights_sitenote_category":0,"site-sidebar-layout":"default","site-content-layout":"","ast-site-content-layout":"default","site-content-style":"default","site-sidebar-style":"default","ast-global-header-display":"","ast-banner-title-visibility":"","ast-main-header-display":"","ast-hfb-above-header-display":"","ast-hfb-below-header-display":"","ast-hfb-mobile-header-display":"","site-post-title":"","ast-breadcrumbs-content":"","ast-featured-img":"","footer-sml-layout":"","ast-disable-related-posts":"","theme-transparent-header-meta":"default","adv-header-id-meta":"","stick-header-meta":"","header-above-stick-meta":"","header-main-stick-meta":"","header-below-stick-meta":"","astra-migrate-meta-layouts":"set","ast-page-background-enabled":"default","ast-page-background-meta":{"desktop":{"background-color":"var(--ast-global-color-5)","background-image":"","background-repeat":"repeat","background-position":"center center","background-size":"auto","background-attachment":"scroll","background-type":"","background-media":"","overlay-type":"","overlay-color":"","overlay-opacity":"","overlay-gradient":""},"tablet":{"background-color":"","background-image":"","background-repeat":"repeat","background-position":"center center","background-size":"auto","background-attachment":"scroll","background-type":"","background-media":"","overlay-type":"","overlay-color":"","overlay-opacity":"","overlay-gradient":""},"mobile":{"background-color":"","background-image":"","background-repeat":"repeat","background-position":"center center","background-size":"auto","background-attachment":"scroll","background-type":"","background-media":"","overlay-type":"","overlay-color":"","overlay-opacity":"","overlay-gradient":""}},"ast-content-background-meta":{"desktop":{"background-color":"var(--ast-global-color-4)","background-image":"","background-repeat":"repeat","background-position":"center center","background-size":"auto","background-attachment":"scroll","background-type":"","background-media":"","overlay-type":"","overlay-color":"","overlay-opacity":"","overlay-gradient":""},"tablet":{"background-color":"var(--ast-global-color-4)","background-image":"","background-repeat":"repeat","background-position":"center center","background-size":"auto","background-attachment":"scroll","background-type":"","background-media":"","overlay-type":"","overlay-color":"","overlay-opacity":"","overlay-gradient":""},"mobile":{"background-color":"var(--ast-global-color-4)","background-image":"","background-repeat":"repeat","background-position":"center center","background-size":"auto","background-attachment":"scroll","background-type":"","background-media":"","overlay-type":"","overlay-color":"","overlay-opacity":"","overlay-gradient":""}}},"product_brand":[],"product_cat":[19],"product_tag":[141],"class_list":{"0":"post-4541","1":"product","2":"type-product","3":"status-publish","4":"has-post-thumbnail","6":"product_cat-classic-series","7":"product_tag-blue-pink","8":"desktop-align-left","9":"tablet-align-left","10":"mobile-align-left","12":"first","13":"instock","14":"featured","15":"shipping-taxable","16":"purchasable","17":"product-type-variable","18":"has-default-attributes"},"aioseo_notices":[],"_links":{"self":[{"href":"https:\/\/storyframes.eu\/lt\/wp-json\/wp\/v2\/product\/4541","targetHints":{"allow":["GET"]}}],"collection":[{"href":"https:\/\/storyframes.eu\/lt\/wp-json\/wp\/v2\/product"}],"about":[{"href":"https:\/\/storyframes.eu\/lt\/wp-json\/wp\/v2\/types\/product"}],"version-history":[{"count":6,"href":"https:\/\/storyframes.eu\/lt\/wp-json\/wp\/v2\/product\/4541\/revisions"}],"predecessor-version":[{"id":5741,"href":"https:\/\/storyframes.eu\/lt\/wp-json\/wp\/v2\/product\/4541\/revisions\/5741"}],"wp:featuredmedia":[{"embeddable":true,"href":"https:\/\/storyframes.eu\/lt\/wp-json\/wp\/v2\/media\/4547"}],"wp:attachment":[{"href":"https:\/\/storyframes.eu\/lt\/wp-json\/wp\/v2\/media?parent=4541"}],"wp:term":[{"taxonomy":"product_brand","embeddable":true,"href":"https:\/\/storyframes.eu\/lt\/wp-json\/wp\/v2\/product_brand?post=4541"},{"taxonomy":"product_cat","embeddable":true,"href":"https:\/\/storyframes.eu\/lt\/wp-json\/wp\/v2\/product_cat?post=4541"},{"taxonomy":"product_tag","embeddable":true,"href":"https:\/\/storyframes.eu\/lt\/wp-json\/wp\/v2\/product_tag?post=4541"}],"curies":[{"name":"wp","href":"https:\/\/api.w.org\/{rel}","templated":true}]}}