{"id":846,"date":"2025-07-17T19:15:51","date_gmt":"2025-07-17T19:15:51","guid":{"rendered":"https:\/\/storyframes.eu\/?post_type=product&#038;p=846"},"modified":"2026-03-06T23:06:29","modified_gmt":"2026-03-06T23:06:29","slug":"amarae-3","status":"publish","type":"product","link":"https:\/\/storyframes.eu\/lt\/produktas\/amarae-3\/","title":{"rendered":"3 StoryFrames 20x20cm"},"content":{"rendered":"<p><strong>Stilingas akcentas su trimis 20\u00d720 cm r\u0117meliais<\/strong><\/p>\n<p>Pagaminti i\u0161 nat\u016bralaus med\u017eio, r\u0117meliai yra matin\u0117s juodos arba \u0161varios baltos spalvos. Prid\u0117jome blizg\u0173 organin\u012f stikl\u0105 ir balt\u0105 pasport\u0105, tad j\u016bs\u0173 nuotraukos ant sienos atrodys kaip i\u0161 parodos. Svarbiausia \u2013 vis\u0105 rinkin\u012f ant sienos sukabinsite be joki\u0173 \u012franki\u0173 vos per kelias minutes. Lengvas b\u016bdas u\u017epildyti namus prisiminimais arba paruo\u0161ti stiling\u0105 dovan\u0105.<\/p>\n<p><strong>Kas \u012feina \u012f rinkin\u012f:<\/strong><\/p>\n<ul>\n<li>Auk\u0161tos kokyb\u0117s spauda, pritaikyta pagal j\u016bs\u0173 norus (mastelis, apkarpymas)<\/li>\n<li>Nat\u016bralaus med\u017eio r\u0117meliai (balti arba juodi)<\/li>\n<li>Pasportai<\/li>\n<li>Blizgus organinis stiklas<\/li>\n<li>Magnetiniai laikikliai saugiam montavimui be \u012franki\u0173<\/li>\n<li>\u012er\u0117minimo paslauga<\/li>\n<li>PVM \u012fskai\u010diuotas<\/li>\n<\/ul>\n<p>Jums tereikia i\u0161sirinkti nuotraukas, spalvas bei pasporto variant\u0105 ir pateikti u\u017esakym\u0105 \u2013 visu kitu pasir\u016bpinsime mes!<\/p>","protected":false},"excerpt":{"rendered":"<p>3 StoryFrames 20x20cm<\/p>","protected":false},"featured_media":4222,"template":"","meta":{"_monsterinsights_skip_tracking":false,"_monsterinsights_sitenote_active":false,"_monsterinsights_sitenote_note":"","_monsterinsights_sitenote_category":0,"site-sidebar-layout":"default","site-content-layout":"","ast-site-content-layout":"default","site-content-style":"default","site-sidebar-style":"default","ast-global-header-display":"","ast-banner-title-visibility":"","ast-main-header-display":"","ast-hfb-above-header-display":"","ast-hfb-below-header-display":"","ast-hfb-mobile-header-display":"","site-post-title":"","ast-breadcrumbs-content":"","ast-featured-img":"","footer-sml-layout":"","ast-disable-related-posts":"","theme-transparent-header-meta":"default","adv-header-id-meta":"","stick-header-meta":"","header-above-stick-meta":"","header-main-stick-meta":"","header-below-stick-meta":"","astra-migrate-meta-layouts":"set","ast-page-background-enabled":"default","ast-page-background-meta":{"desktop":{"background-color":"var(--ast-global-color-5)","background-image":"","background-repeat":"repeat","background-position":"center center","background-size":"auto","background-attachment":"scroll","background-type":"","background-media":"","overlay-type":"","overlay-color":"","overlay-opacity":"","overlay-gradient":""},"tablet":{"background-color":"","background-image":"","background-repeat":"repeat","background-position":"center center","background-size":"auto","background-attachment":"scroll","background-type":"","background-media":"","overlay-type":"","overlay-color":"","overlay-opacity":"","overlay-gradient":""},"mobile":{"background-color":"","background-image":"","background-repeat":"repeat","background-position":"center center","background-size":"auto","background-attachment":"scroll","background-type":"","background-media":"","overlay-type":"","overlay-color":"","overlay-opacity":"","overlay-gradient":""}},"ast-content-background-meta":{"desktop":{"background-color":"var(--ast-global-color-4)","background-image":"","background-repeat":"repeat","background-position":"center center","background-size":"auto","background-attachment":"scroll","background-type":"","background-media":"","overlay-type":"","overlay-color":"","overlay-opacity":"","overlay-gradient":""},"tablet":{"background-color":"var(--ast-global-color-4)","background-image":"","background-repeat":"repeat","background-position":"center center","background-size":"auto","background-attachment":"scroll","background-type":"","background-media":"","overlay-type":"","overlay-color":"","overlay-opacity":"","overlay-gradient":""},"mobile":{"background-color":"var(--ast-global-color-4)","background-image":"","background-repeat":"repeat","background-position":"center center","background-size":"auto","background-attachment":"scroll","background-type":"","background-media":"","overlay-type":"","overlay-color":"","overlay-opacity":"","overlay-gradient":""}}},"product_brand":[],"product_cat":[19],"product_tag":[142],"class_list":{"0":"post-846","1":"product","2":"type-product","3":"status-publish","4":"has-post-thumbnail","6":"product_cat-classic-series","7":"product_tag-black-white","8":"desktop-align-left","9":"tablet-align-left","10":"mobile-align-left","12":"first","13":"instock","14":"shipping-taxable","15":"purchasable","16":"product-type-variable","17":"has-default-attributes"},"aioseo_notices":[],"_links":{"self":[{"href":"https:\/\/storyframes.eu\/lt\/wp-json\/wp\/v2\/product\/846","targetHints":{"allow":["GET"]}}],"collection":[{"href":"https:\/\/storyframes.eu\/lt\/wp-json\/wp\/v2\/product"}],"about":[{"href":"https:\/\/storyframes.eu\/lt\/wp-json\/wp\/v2\/types\/product"}],"version-history":[{"count":40,"href":"https:\/\/storyframes.eu\/lt\/wp-json\/wp\/v2\/product\/846\/revisions"}],"predecessor-version":[{"id":5733,"href":"https:\/\/storyframes.eu\/lt\/wp-json\/wp\/v2\/product\/846\/revisions\/5733"}],"wp:featuredmedia":[{"embeddable":true,"href":"https:\/\/storyframes.eu\/lt\/wp-json\/wp\/v2\/media\/4222"}],"wp:attachment":[{"href":"https:\/\/storyframes.eu\/lt\/wp-json\/wp\/v2\/media?parent=846"}],"wp:term":[{"taxonomy":"product_brand","embeddable":true,"href":"https:\/\/storyframes.eu\/lt\/wp-json\/wp\/v2\/product_brand?post=846"},{"taxonomy":"product_cat","embeddable":true,"href":"https:\/\/storyframes.eu\/lt\/wp-json\/wp\/v2\/product_cat?post=846"},{"taxonomy":"product_tag","embeddable":true,"href":"https:\/\/storyframes.eu\/lt\/wp-json\/wp\/v2\/product_tag?post=846"}],"curies":[{"name":"wp","href":"https:\/\/api.w.org\/{rel}","templated":true}]}}